{"id":92,"date":"2020-04-24T14:58:15","date_gmt":"2020-04-24T14:58:15","guid":{"rendered":"http:\/\/familok.pl\/?page_id=92"},"modified":"2020-04-27T06:36:58","modified_gmt":"2020-04-27T06:36:58","slug":"nasza-wizja","status":"publish","type":"page","link":"https:\/\/familok.pl\/?page_id=92","title":{"rendered":"Nasza wizja"},"content":{"rendered":"\n<figure class=\"wp-block-image size-large\"><img loading=\"lazy\" width=\"200\" height=\"200\" src=\"http:\/\/familok.pl\/wp-content\/uploads\/2020\/04\/FAMILOK_LOGO_main_white_200x200.png\" alt=\"\" class=\"wp-image-109\" srcset=\"https:\/\/familok.pl\/wp-content\/uploads\/2020\/04\/FAMILOK_LOGO_main_white_200x200.png 200w, https:\/\/familok.pl\/wp-content\/uploads\/2020\/04\/FAMILOK_LOGO_main_white_200x200-150x150.png 150w, https:\/\/familok.pl\/wp-content\/uploads\/2020\/04\/FAMILOK_LOGO_main_white_200x200-100x100.png 100w\" sizes=\"(max-width: 200px) 100vw, 200px\" \/><\/figure>\n\n\n\n<p> Chcemy tworzy\u0107 dobre miejsca do \u017cycia, dla ka\u017cdego i na co dzie\u0144. Wierzymy, \u017ce odpowiednio zaplanowana przestrze\u0144 pozwala poczu\u0107 si\u0119 jak w domu. Pragniemy projektowa\u0107 wn\u0119trza \u0142\u0105cz\u0105ce pi\u0119kno z u\u017cyteczno\u015bci\u0105, g\u0142\u0119boko przemy\u015blane i dopracowane do ostatniego szczeg\u00f3\u0142u. Nie odtwarzamy bezrefleksyjnie rozwi\u0105za\u0144 z katalog\u00f3w, chcemy zrozumie\u0107, kim jeste\u015b i czego potrzebujesz. Czerpiemy inspiracje z rodzimych wzorc\u00f3w, dostosowuj\u0105c je do wsp\u00f3\u0142czesnych standard\u00f3w. Wspieramy lokalny biznes wsp\u00f3\u0142pracuj\u0105c z wykonawcami i korzystaj\u0105c z us\u0142ug miejscowych firm. <\/p>\n","protected":false},"excerpt":{"rendered":"<p>Chcemy tworzy\u0107 dobre miejsca do \u017cycia, dla ka\u017cdego i na co dzie\u0144. Wierzymy, \u017ce odpowiednio zaplanowana przestrze\u0144 pozwala poczu\u0107 si\u0119 jak w domu. Pragniemy projektowa\u0107 wn\u0119trza \u0142\u0105cz\u0105ce pi\u0119kno z u\u017cyteczno\u015bci\u0105, g\u0142\u0119boko przemy\u015blane i dopracowane do ostatniego szczeg\u00f3\u0142u. Nie odtwarzamy bezrefleksyjnie rozwi\u0105za\u0144 z katalog\u00f3w, chcemy zrozumie\u0107, kim jeste\u015b i czego potrzebujesz. Czerpiemy inspiracje z rodzimych wzorc\u00f3w, &hellip; <\/p>\n<p class=\"link-more\"><a href=\"https:\/\/familok.pl\/?page_id=92\" class=\"more-link\">Czytaj dalej<span class=\"screen-reader-text\"> Nasza wizja<\/span><\/a><\/p>\n","protected":false},"author":1,"featured_media":0,"parent":0,"menu_order":0,"comment_status":"closed","ping_status":"closed","template":"","meta":[],"_links":{"self":[{"href":"https:\/\/familok.pl\/index.php?rest_route=\/wp\/v2\/pages\/92"}],"collection":[{"href":"https:\/\/familok.pl\/index.php?rest_route=\/wp\/v2\/pages"}],"about":[{"href":"https:\/\/familok.pl\/index.php?rest_route=\/wp\/v2\/types\/page"}],"author":[{"embeddable":true,"href":"https:\/\/familok.pl\/index.php?rest_route=\/wp\/v2\/users\/1"}],"replies":[{"embeddable":true,"href":"https:\/\/familok.pl\/index.php?rest_route=%2Fwp%2Fv2%2Fcomments&post=92"}],"version-history":[{"count":3,"href":"https:\/\/familok.pl\/index.php?rest_route=\/wp\/v2\/pages\/92\/revisions"}],"predecessor-version":[{"id":115,"href":"https:\/\/familok.pl\/index.php?rest_route=\/wp\/v2\/pages\/92\/revisions\/115"}],"wp:attachment":[{"href":"https:\/\/familok.pl\/index.php?rest_route=%2Fwp%2Fv2%2Fmedia&parent=92"}],"curies":[{"name":"wp","href":"https:\/\/api.w.org\/{rel}","templated":true}]}}