{"id":71,"date":"2020-02-04T09:54:38","date_gmt":"2020-02-04T09:54:38","guid":{"rendered":"http:\/\/familok.pl\/?page_id=71"},"modified":"2020-04-27T06:32:40","modified_gmt":"2020-04-27T06:32:40","slug":"designs","status":"publish","type":"page","link":"https:\/\/familok.pl\/?page_id=71","title":{"rendered":"Designs"},"content":{"rendered":"\n<figure class=\"wp-block-image size-large\"><img loading=\"lazy\" width=\"200\" height=\"200\" src=\"http:\/\/familok.pl\/wp-content\/uploads\/2020\/04\/FAMILOK_LOGO_designs_white_200x200.png\" alt=\"\" class=\"wp-image-111\" srcset=\"https:\/\/familok.pl\/wp-content\/uploads\/2020\/04\/FAMILOK_LOGO_designs_white_200x200.png 200w, https:\/\/familok.pl\/wp-content\/uploads\/2020\/04\/FAMILOK_LOGO_designs_white_200x200-150x150.png 150w, https:\/\/familok.pl\/wp-content\/uploads\/2020\/04\/FAMILOK_LOGO_designs_white_200x200-100x100.png 100w\" sizes=\"(max-width: 200px) 100vw, 200px\" \/><\/figure>\n\n\n\n<p>Staramy si\u0119 pozna\u0107 ka\u017cde z miejsc, w kt\u00f3rym pracujemy, i wydoby\u0107 to, co czyni je wyj\u0105tkowym. Projektujemy wn\u0119trza dla konkretnych os\u00f3b, uwzgl\u0119dniaj\u0105c ich indywidualne wymagania i poczucie estetyki. Szukamy przedmiot\u00f3w z histori\u0105, podkre\u015blaj\u0105cych charakter wn\u0119trza i wpisuj\u0105cych je w szerszy kontekst.&nbsp;&nbsp;&nbsp;<\/p>\n\n\n\n<p>Przygotowujemy projekty dla firm i klient\u00f3w indywidualnych. Zajmujemy si\u0119 tak\u017ce home staging, czyli aran\u017cacj\u0105 wn\u0119trz. Dzi\u0119ki odpowiednim dodatkom podkre\u015blamy mocne strony mieszkania i pomagamy znale\u017a\u0107 osoby zainteresowane jego zakupem lub wynajmem. Ka\u017cde takie trafne dopasowanie, z jednej strony cech charakterystycznych danego miejsca, a z drugiej potrzeb i wymaga\u0144 jego nowych mieszka\u0144c\u00f3w, daje nam du\u017co satysfakcji.<\/p>\n\n\n\n<p>Jeste\u015bmy otwarci na oryginalne pomys\u0142y i poszukiwanie niekonwencjonalnych rozwi\u0105za\u0144. Ch\u0119tnie podpowiemy, gdzie odrestaurowa\u0107 stare meble, jak oczy\u015bci\u0107 i wyeksponowa\u0107 \u015bcian\u0119 z ceg\u0142y z zamurowanym historycznym przej\u015bciem lub wkomponowa\u0107 w ca\u0142o\u015b\u0107 sufit z widocznym deskowaniem. <br><\/p>\n\n\n\n<p><\/p>\n","protected":false},"excerpt":{"rendered":"<p>Staramy si\u0119 pozna\u0107 ka\u017cde z miejsc, w kt\u00f3rym pracujemy, i wydoby\u0107 to, co czyni je wyj\u0105tkowym. Projektujemy wn\u0119trza dla konkretnych os\u00f3b, uwzgl\u0119dniaj\u0105c ich indywidualne wymagania i poczucie estetyki. Szukamy przedmiot\u00f3w z histori\u0105, podkre\u015blaj\u0105cych charakter wn\u0119trza i wpisuj\u0105cych je w szerszy kontekst.&nbsp;&nbsp;&nbsp; Przygotowujemy projekty dla firm i klient\u00f3w indywidualnych. Zajmujemy si\u0119 tak\u017ce home staging, czyli aran\u017cacj\u0105 &hellip; <\/p>\n<p class=\"link-more\"><a href=\"https:\/\/familok.pl\/?page_id=71\" class=\"more-link\">Czytaj dalej<span class=\"screen-reader-text\"> Designs<\/span><\/a><\/p>\n","protected":false},"author":1,"featured_media":0,"parent":0,"menu_order":0,"comment_status":"closed","ping_status":"closed","template":"","meta":[],"_links":{"self":[{"href":"https:\/\/familok.pl\/index.php?rest_route=\/wp\/v2\/pages\/71"}],"collection":[{"href":"https:\/\/familok.pl\/index.php?rest_route=\/wp\/v2\/pages"}],"about":[{"href":"https:\/\/familok.pl\/index.php?rest_route=\/wp\/v2\/types\/page"}],"author":[{"embeddable":true,"href":"https:\/\/familok.pl\/index.php?rest_route=\/wp\/v2\/users\/1"}],"replies":[{"embeddable":true,"href":"https:\/\/familok.pl\/index.php?rest_route=%2Fwp%2Fv2%2Fcomments&post=71"}],"version-history":[{"count":5,"href":"https:\/\/familok.pl\/index.php?rest_route=\/wp\/v2\/pages\/71\/revisions"}],"predecessor-version":[{"id":112,"href":"https:\/\/familok.pl\/index.php?rest_route=\/wp\/v2\/pages\/71\/revisions\/112"}],"wp:attachment":[{"href":"https:\/\/familok.pl\/index.php?rest_route=%2Fwp%2Fv2%2Fmedia&parent=71"}],"curies":[{"name":"wp","href":"https:\/\/api.w.org\/{rel}","templated":true}]}}