{"id":63,"date":"2020-02-04T09:43:41","date_gmt":"2020-02-04T09:43:41","guid":{"rendered":"http:\/\/familok.pl\/?page_id=63"},"modified":"2020-04-27T06:35:03","modified_gmt":"2020-04-27T06:35:03","slug":"rental-2","status":"publish","type":"page","link":"https:\/\/familok.pl\/?page_id=63","title":{"rendered":"Rental"},"content":{"rendered":"\n<figure class=\"wp-block-image size-large\"><img loading=\"lazy\" width=\"200\" height=\"200\" src=\"http:\/\/familok.pl\/wp-content\/uploads\/2020\/04\/FAMILOK_LOGO_rental_white_200x200.png\" alt=\"\" class=\"wp-image-113\" srcset=\"https:\/\/familok.pl\/wp-content\/uploads\/2020\/04\/FAMILOK_LOGO_rental_white_200x200.png 200w, https:\/\/familok.pl\/wp-content\/uploads\/2020\/04\/FAMILOK_LOGO_rental_white_200x200-150x150.png 150w, https:\/\/familok.pl\/wp-content\/uploads\/2020\/04\/FAMILOK_LOGO_rental_white_200x200-100x100.png 100w\" sizes=\"(max-width: 200px) 100vw, 200px\" \/><\/figure>\n\n\n\n<p> Na kolejnych etapach \u017cycia ludzie doceniaj\u0105 r\u00f3\u017cne aspekty domu. By\u0107 mo\u017ce dysponujesz ma\u0142\u0105 kawalerk\u0105 w pobli\u017cu uczelni, z dobrym dojazdem do centrum lub przeciwnie, przestronnym mieszkaniem po\u0142o\u017conym w cichej i spokojnej okolicy. Potrafimy znale\u017a\u0107 osoby, kt\u00f3re szukaj\u0105 w\u0142a\u015bnie tego, co masz do zaoferowania. Bez wzgl\u0119du na to, czy najemca szuka alternatywy dla akademika, czy rozgl\u0105da si\u0119 za swoim miejscem na ziemi, zatroszczymy si\u0119 o to, by\u015b trafi\u0142 na w\u0142a\u015bciwego cz\u0142owieka. Mo\u017cemy zaproponowa\u0107 korzystna wsp\u00f3\u0142prac\u0119 i w twoim imieniu zatroszczy\u0107 si\u0119 o prowadzenie najmu. <\/p>\n","protected":false},"excerpt":{"rendered":"<p>Na kolejnych etapach \u017cycia ludzie doceniaj\u0105 r\u00f3\u017cne aspekty domu. By\u0107 mo\u017ce dysponujesz ma\u0142\u0105 kawalerk\u0105 w pobli\u017cu uczelni, z dobrym dojazdem do centrum lub przeciwnie, przestronnym mieszkaniem po\u0142o\u017conym w cichej i spokojnej okolicy. Potrafimy znale\u017a\u0107 osoby, kt\u00f3re szukaj\u0105 w\u0142a\u015bnie tego, co masz do zaoferowania. Bez wzgl\u0119du na to, czy najemca szuka alternatywy dla akademika, czy rozgl\u0105da &hellip; <\/p>\n<p class=\"link-more\"><a href=\"https:\/\/familok.pl\/?page_id=63\" class=\"more-link\">Czytaj dalej<span class=\"screen-reader-text\"> Rental<\/span><\/a><\/p>\n","protected":false},"author":1,"featured_media":0,"parent":0,"menu_order":0,"comment_status":"closed","ping_status":"closed","template":"","meta":[],"_links":{"self":[{"href":"https:\/\/familok.pl\/index.php?rest_route=\/wp\/v2\/pages\/63"}],"collection":[{"href":"https:\/\/familok.pl\/index.php?rest_route=\/wp\/v2\/pages"}],"about":[{"href":"https:\/\/familok.pl\/index.php?rest_route=\/wp\/v2\/types\/page"}],"author":[{"embeddable":true,"href":"https:\/\/familok.pl\/index.php?rest_route=\/wp\/v2\/users\/1"}],"replies":[{"embeddable":true,"href":"https:\/\/familok.pl\/index.php?rest_route=%2Fwp%2Fv2%2Fcomments&post=63"}],"version-history":[{"count":4,"href":"https:\/\/familok.pl\/index.php?rest_route=\/wp\/v2\/pages\/63\/revisions"}],"predecessor-version":[{"id":114,"href":"https:\/\/familok.pl\/index.php?rest_route=\/wp\/v2\/pages\/63\/revisions\/114"}],"wp:attachment":[{"href":"https:\/\/familok.pl\/index.php?rest_route=%2Fwp%2Fv2%2Fmedia&parent=63"}],"curies":[{"name":"wp","href":"https:\/\/api.w.org\/{rel}","templated":true}]}}