{"id":3,"date":"2020-01-28T11:38:16","date_gmt":"2020-01-28T11:38:16","guid":{"rendered":"http:\/\/familok.pl\/?page_id=3"},"modified":"2020-04-27T06:51:03","modified_gmt":"2020-04-27T06:51:03","slug":"privacy-policy","status":"publish","type":"page","link":"https:\/\/familok.pl\/?page_id=3","title":{"rendered":"Polityka prywatno\u015bci"},"content":{"rendered":"\n<h2>I. Administrator Danych<\/h2>\n\n\n\n<p>W\u0142a\u015bcicielem serwisu FAMILOK.PL jest firma Familok Inwestycje naszym najwy\u017cszym priorytetem jest ochrona prywatno\u015bci U\u017cytkownik\u00f3w naszego Serwisu.<br>Z dniem 25 maja 2018 roku, wprowadzamy poni\u017csz\u0105 Polityk\u0119 Prywatno\u015bci, aby zrealizowa\u0107 przepisy Unii Europejskiej w zakresie przejrzystego i bezpiecznego przetwarzania danych osobowych. Wprowadzana polityka prywatno\u015bci jest konsekwencj\u0105 wprowadzenia przepis\u00f3w RODO czyli Rozporz\u0105dzenia Parlamentu Europejskiego i Rady (UE) 2016\/679 z dnia 27 kwietnia 2016 r. w sprawie ochrony os\u00f3b fizycznych w zwi\u0105zku z przetwarzaniem danych osobowych i w sprawie swobodnego przep\u0142ywu tych danych oraz uchylenia dyrektywy 95\/46\/WE (og\u00f3lne rozporz\u0105dzenie o ochronie danych).<br>Niniejsza polityka przedstawia jakie dane osobowe podlegaj\u0105 przetwarzaniu, na jakich zasadach odbywa si\u0119 przetwarzanie danych, jak dane s\u0105 zabezpieczane i jakie s\u0105 prawa U\u017cytkownik\u00f3w serwisu. \u00a0\u00a0\u00a0\u00a0\u00a0\u00a0<br>Administrator Danych Osobowych:\u00a0<strong>Familok Inwestycje<\/strong> z siedzib\u0105 <strong>Skowro\u0144skiego 3\/1,\u00a044-100 Gliwice,\u00a0<\/strong>NIP:<strong>\u00a06312474254<\/strong>. Kontakt w zakresie pyta\u0144 zwi\u0105zanych z przetwarzaniem danych osobowych oraz przys\u0142uguj\u0105cych praw pod adresem: biuro@familok.pl<\/p>\n\n\n\n<h2>II. Cel i podstawa prawna przetwarzania danych<\/h2>\n\n\n\n<p>Cele i zakres przetwarzania danych osobowych: W ramach naszego serwisu adremksiegowosc.pl istnieje mo\u017cliwo\u015b\u0107 kontaktu telefonicznego lub poprzez formularz kontaktowy w r\u00f3\u017cnych sprawach zwi\u0105zanych z realizacj\u0105 r\u00f3\u017cnych cel\u00f3w:<br><strong>Cel 1:<\/strong>&nbsp;Przygotowanie oferty i przedstawienie oferty.<br><strong>Dane:<\/strong>&nbsp;Aby przygotowa\u0107 i przedstawi\u0107 nasz\u0105 ofert\u0119 przetwarzamy Pa\u0144stwa dane osobowe takie jak: imi\u0119, nazwisko, numer telefonu, adres email, informacje o przedsi\u0119biorstwie, tre\u015b\u0107 wiadomo\u015bci.<br><strong>Czynno\u015bci:<\/strong>&nbsp;Czynno\u015bci wykonywane przed zawarciem umowy, niezb\u0119dne do odpowiedzi na wiadomo\u015b\u0107 od Pa\u0144stwa.<br><strong>Cel 2:<\/strong>&nbsp;Odpowiedzi na wiadomo\u015bci e-mailowe wys\u0142ane za po\u015brednictwem formularza kontaktowego umieszczonego na stronie adremksiegowosc.pl, mailowo lub telefonicznie.<br><strong>Dane:<\/strong>&nbsp;Aby odpowiedzie\u0107 na wiadomo\u015b\u0107 telefoniczn\u0105, mailow\u0105, lub otrzyman\u0105 poprzez formularz kontaktowy w serwisie adremksiegowosc.pl przetwarzamy Pa\u0144stwa dane osobowe takie jak: imi\u0119, nazwisko, numer telefonu, adres email, informacje o przedsi\u0119biorstwie, tre\u015b\u0107 wiadomo\u015bci.<br><strong>Czynno\u015bci:<\/strong>&nbsp;Czynno\u015bci niezb\u0119dne do odpowiedzi na wiadomo\u015b\u0107 od Pa\u0144stwa, nie b\u0119d\u0105ce ofert\u0105, np.: zwi\u0105zane z obs\u0142ug\u0105 zrealizowanych dla Pa\u0144stwa us\u0142ug. Dane te przetwarzane s\u0105 wy\u0142\u0105czenie w celu w jakim zosta\u0142y udost\u0119pnione i przez czas niezb\u0119dny do realizacji celu. W sytuacji pojawienia si\u0119 kolejnego celu przetwarzania Pa\u0144stwa danych osobowych zwracamy si\u0119 do Pa\u0144stwa o kolejn\u0105 zgod\u0119 na przetwarzanie danych, w ramach nowego celu.<\/p>\n\n\n\n<h2>III. Ciasteczka &#8211; pliki cookies i serwisy spo\u0142eczno\u015bciowe<\/h2>\n\n\n\n<p>Ciasteczka Pliki Cookies: U\u017cywamy plik\u00f3w cookies do poprawnego dzia\u0142ania serwisu. Pliki ciasteczek wykorzystujemy r\u00f3wnie\u017c w celach statystycznych zbieranych anonimowo.<br>W ka\u017cdej chwili mog\u0105 Pa\u0144stwo zmieni\u0107 ustawienia przegl\u0105darki internetowej dotycz\u0105ce plik\u00f3w cookies (ciasteczek), ustawienia okre\u015blaj\u0105 warunki przechowywania plik\u00f3w cookies na urz\u0105dzeniu u\u017cytkownika i uzyskania dost\u0119pu do urz\u0105dzeniu u\u017cytkownika. W przegl\u0105darce internetowej jest mo\u017cliwo\u015b\u0107 zmiany ustawie\u0144, mo\u017cna zablokowa\u0107 pliki cookies, lub wybra\u0107 opcj\u0119 bie\u017c\u0105cego informowania za ka\u017cdym razem gdy na urz\u0105dzeniu u\u017cytkownika zapisywany jest plik cookies. Producent ka\u017cdej przegl\u0105darki umo\u017cliwia zarz\u0105dzanie plikami cookies, dlatego zach\u0119camy do zapoznania si\u0119 z szczeg\u00f3\u0142ami ustawie\u0144 plik\u00f3w cookies, w konkretnej przegl\u0105darce z kt\u00f3rej Pa\u0144stwo korzystacie. Ponadto mog\u0105 Pa\u0144stwo w ustawieniach przegl\u0105darki usun\u0105\u0107 zgromadzone pliki cookies. Nale\u017cy r\u00f3wnie\u017c mie\u0107 na uwadze to, \u017ce blokowanie plikom cookies dost\u0119pu do Pa\u0144stwa urz\u0105dzenia mo\u017ce skutkowa\u0107 ograniczeniem cz\u0119\u015bci funkcji np. wersji j\u0119zykowej czy wygl\u0105du stron internetowej.<br>Rodzaje wykorzystywanych plik\u00f3w cookies:<\/p>\n\n\n\n<ul><li>plik cookies na czas trwania sesji, zawiera dane wprowadzone przez u\u017cytkownika, oraz czas trwania sesji,<\/li><li>plik cookies do monitorowania popularno\u015bci serwisu internetowego.<\/li><\/ul>\n\n\n\n<h2>IV. Przekazywanie danych osobowych<\/h2>\n\n\n\n<p>Przekazujemy Pa\u0144stwa dane osobowe w dw\u00f3ch przypadkach: dostawcom us\u0142ug oraz organom pa\u0144stwowym.<br>Dostawcy Us\u0142ug, Zakres Us\u0142ugi i Lokalizacja: Dane naszych u\u017cytkownik\u00f3w przekazywane s\u0105 dostawcom us\u0142ug z kt\u00f3rych korzystamy, zwi\u0105zane z prowadzeniem naszego serwisu internetowego. Dostawcy s\u0105 administratorami danych osobowych:<\/p>\n\n\n\n<figure class=\"wp-block-table\"><table><tbody><tr><th><strong>Nazwa<\/strong><\/th><th><strong>Us\u0142ugi<\/strong><\/th><th><strong>Lokalizacja<\/strong><\/th><\/tr><tr><td><strong>OVH<\/strong><\/td><td>Hosting (serwer na kt\u00f3rym znajduj\u0105 si\u0119 pliki strony)<br>Mierzenie popularno\u015bci strony internetowej<\/td><td>Francja (UE, EOG)<\/td><\/tr><\/tbody><\/table><\/figure>\n\n\n\n<p>Dostawcy us\u0142ug przetwarzaj\u0105 Pa\u0144stwa dane jedynie na nasze polecenie, w ramach us\u0142ugi hostingu i do mierzenia popularno\u015bci serwisu. (OVH &#8211; Francja),<br>Organy Pa\u0144stwowe &#8211; je\u015bli zwr\u00f3c\u0105 si\u0119 do naszej firmy uprawnione organy Pa\u0144stwowe zastrzegamy sobie prawo do udost\u0119pnienia Pa\u0144stwa danych osobowych, zgodnie z obowi\u0105zuj\u0105cymi przepisami prawa.<\/p>\n\n\n\n<h2>V. Prawa u\u017cytkownik\u00f3w<\/h2>\n\n\n\n<p>Administrator przechowuje dane osobowe w czasie niezb\u0119dnym do odpowiedzi na wiadomo\u015b\u0107, przygotowania oferty czy realizacji us\u0142ugi. W ka\u017cdej chwili przys\u0142uguje Pa\u0144stwu prawo do usuni\u0119cia Pa\u0144stwa danych osobowych. Prawa U\u017cytkownik\u00f3w zwi\u0105zane z przetwarzaniem danych osobowych<\/p>\n\n\n\n<ul><li>Prawo dost\u0119pu do swoich danych osobowych,<\/li><li>Prawo do aktualizowania, zmiany swoich danych osobowych,<\/li><li>Prawo do usuni\u0119cia swoich danych osobowych,<\/li><li>Prawo do ograniczenia przetwarzania danych osobowych,<\/li><li>Prawo do przeniesienia danych osobowych,<\/li><li>Prawo do wyra\u017cenia sprzeciwu do przetwarzania danych osobowych,<\/li><li>Prawo do cofni\u0119cia wyra\u017conej zgody na przetwarzanie danych osobowych.<\/li><\/ul>\n\n\n\n<p>Do realizacji Pa\u0144stwa praw zwi\u0105zanych z przetwarzaniem danych osobowych prosimy kontakt e-mailowy:\u00a0biuro@familok.pl. Termin realizacji Pa\u0144stwa \u017c\u0105da\u0144 zwi\u0105zanych z przetwarzaniem danych osobowych to maksymalnie 30 dni, w sytuacjach z\u0142o\u017conych lub w okresie zwi\u0119kszonej liczby \u017c\u0105da\u0144 termin ten mo\u017ce ulec wyd\u0142u\u017ceniu (maksymalnie o 60 dni), o czym Pa\u0144stwa niezw\u0142ocznie poinformujemy.<\/p>\n\n\n\n<h2>VI. Bezpiecze\u0144stwo Pa\u0144stwa danych osobowych<\/h2>\n\n\n\n<p>Jeste\u015bmy Administratorem Danych Osobowych naszym najwy\u017cszym priorytetem jest bezpiecze\u0144stwo Pa\u0144stwa danych osobowych dlatego zobowi\u0105zujemy si\u0119 do:<\/p>\n\n\n\n<ul><li>zabezpieczenia Pa\u0144stwa danych osobowych przed ich udost\u0119pnieniem osobom nieupowa\u017cnionym,<\/li><li>zabezpieczenia Pa\u0144stwa danych osobowych przed ich zabraniem przez osob\u0119 nieuprawnion\u0105,<\/li><li>zabezpieczenia Pa\u0144stwa danych osobowych przed ich zmian\u0105, uszkodzeniem lub zniszczeniem,<\/li><li>dopuszczenia do przetwarzania Pa\u0144stwa danych osobowych wy\u0142\u0105cznie os\u00f3b upowa\u017cnionych,<\/li><li>kontroli prawid\u0142owo\u015bci przetwarzania danych osobowych,<\/li><li>prowadzenia ewidencji os\u00f3b upowa\u017cnionych do przetwarzania danych osobowych, zachowania ich w tajemnicy przez osoby upowa\u017cnione,<\/li><li>prowadzenia niezb\u0119dnej wg przepis\u00f3w prawa dokumentacji, w kt\u00f3rej zawieramy sposoby przetwarzania danych osobowych wraz z wszelkimi niezb\u0119dnymi do ochrony \u015brodkami technicznymi i organizacyjnymi,<\/li><li>zapewnienia urz\u0105dze\u0144 z systemem informatycznym, wykorzystywanym do przetwarzania danych osobowych, zgodnego z wymogami Rozporz\u0105dzenia Ministerstwa Spraw Wewn\u0119trznych i Administracji z 29 kwietnia 2004 r. dotycz\u0105cych dokumentowania przetwarzanych danych osobowych, warunk\u00f3w technicznych i organizacyjnych, jakie powinny spe\u0142nia\u0107 system i urz\u0105dzenia s\u0142u\u017c\u0105ce do przetwarzania danych.<\/li><\/ul>\n\n\n\n<h2>VII. Okres przetwarzania danych osobowych<\/h2>\n\n\n\n<p>Pa\u0144stwa dane przechowywane b\u0119d\u0105 przez okres niezb\u0119dny do \u015bwiadczenia zam\u00f3wionych przez Pa\u0144stwa us\u0142ug. W momencie ustania celu przechowywania danych, b\u0119d\u0105 one usuni\u0119te, z wyj\u0105tkiem sytuacji w kt\u00f3rej na podstawie obowi\u0105zuj\u0105cych przepis\u00f3w prawa mamy obowi\u0105zek nadal je przechowywa\u0107.<\/p>\n\n\n\n<h2>VIII. Zmiana polityki prywatno\u015bci<\/h2>\n\n\n\n<p>Ochrona danych osobowych jest procesem podlegaj\u0105cym zmianom. Zmiany maj\u0105 na celu ochron\u0119 praw U\u017cytkownik\u00f3w serwisu, dlatego polityka weryfikacji i aktualizacji. O wszelkich zmianach b\u0119dziemy informowa\u0107 U\u017cytkownik\u00f3w za pomoc\u0105 Serwisu lub wiadomo\u015bci e-mail.<\/p>\n","protected":false},"excerpt":{"rendered":"<p>I. Administrator Danych W\u0142a\u015bcicielem serwisu FAMILOK.PL jest firma Familok Inwestycje naszym najwy\u017cszym priorytetem jest ochrona prywatno\u015bci U\u017cytkownik\u00f3w naszego Serwisu.Z dniem 25 maja 2018 roku, wprowadzamy poni\u017csz\u0105 Polityk\u0119 Prywatno\u015bci, aby zrealizowa\u0107 przepisy Unii Europejskiej w zakresie przejrzystego i bezpiecznego przetwarzania danych osobowych. Wprowadzana polityka prywatno\u015bci jest konsekwencj\u0105 wprowadzenia przepis\u00f3w RODO czyli Rozporz\u0105dzenia Parlamentu Europejskiego i Rady &hellip; <\/p>\n<p class=\"link-more\"><a href=\"https:\/\/familok.pl\/?page_id=3\" class=\"more-link\">Czytaj dalej<span class=\"screen-reader-text\"> Polityka prywatno\u015bci<\/span><\/a><\/p>\n","protected":false},"author":1,"featured_media":0,"parent":0,"menu_order":0,"comment_status":"closed","ping_status":"open","template":"","meta":[],"_links":{"self":[{"href":"https:\/\/familok.pl\/index.php?rest_route=\/wp\/v2\/pages\/3"}],"collection":[{"href":"https:\/\/familok.pl\/index.php?rest_route=\/wp\/v2\/pages"}],"about":[{"href":"https:\/\/familok.pl\/index.php?rest_route=\/wp\/v2\/types\/page"}],"author":[{"embeddable":true,"href":"https:\/\/familok.pl\/index.php?rest_route=\/wp\/v2\/users\/1"}],"replies":[{"embeddable":true,"href":"https:\/\/familok.pl\/index.php?rest_route=%2Fwp%2Fv2%2Fcomments&post=3"}],"version-history":[{"count":1,"href":"https:\/\/familok.pl\/index.php?rest_route=\/wp\/v2\/pages\/3\/revisions"}],"predecessor-version":[{"id":118,"href":"https:\/\/familok.pl\/index.php?rest_route=\/wp\/v2\/pages\/3\/revisions\/118"}],"wp:attachment":[{"href":"https:\/\/familok.pl\/index.php?rest_route=%2Fwp%2Fv2%2Fmedia&parent=3"}],"curies":[{"name":"wp","href":"https:\/\/api.w.org\/{rel}","templated":true}]}}