{"id":16,"date":"2020-02-04T08:33:46","date_gmt":"2020-02-04T08:33:46","guid":{"rendered":"http:\/\/familok.pl\/?page_id=16"},"modified":"2020-04-27T07:05:34","modified_gmt":"2020-04-27T07:05:34","slug":"o-nas","status":"publish","type":"page","link":"https:\/\/familok.pl\/?page_id=16","title":{"rendered":"O nas"},"content":{"rendered":"\n<figure class=\"wp-block-image size-large is-resized\"><img loading=\"lazy\" src=\"http:\/\/familok.pl\/wp-content\/uploads\/2020\/04\/Familok_panorama_3x_A_white_1100x500-1024x465.png\" alt=\"\" class=\"wp-image-125\" width=\"252\" height=\"114\" srcset=\"https:\/\/familok.pl\/wp-content\/uploads\/2020\/04\/Familok_panorama_3x_A_white_1100x500-1024x465.png 1024w, https:\/\/familok.pl\/wp-content\/uploads\/2020\/04\/Familok_panorama_3x_A_white_1100x500-300x136.png 300w, https:\/\/familok.pl\/wp-content\/uploads\/2020\/04\/Familok_panorama_3x_A_white_1100x500-768x349.png 768w, https:\/\/familok.pl\/wp-content\/uploads\/2020\/04\/Familok_panorama_3x_A_white_1100x500.png 1100w\" sizes=\"(max-width: 252px) 100vw, 252px\" \/><\/figure>\n\n\n\n<p class=\"has-text-align-left\">Familok to m\u0142oda, pr\u0119\u017cnie rozwijaj\u0105ca si\u0119 firma, zajmuj\u0105ca si\u0119 handlem nieruchomo\u015bciami oraz projektowaniem wn\u0119trz. Charakteryzuje nas zami\u0142owanie do \u015bl\u0105skiego designu. Chcemy promowa\u0107 dobre praktyki w projektowaniu przestrzeni publicznej, mi\u0119dzy innymi poprzez podnoszenie standardu zaniedbanych budynk\u00f3w w trudnych dzielnicach. Dzi\u0119ki nowoczesnemu designowi i pe\u0142nemu szacunku podej\u015bciu do specyfiki regionu pragniemy stopniowo poprawia\u0107 opini\u0119 o takich miejscach i wspiera\u0107 \u015bwiadomo\u015b\u0107 spo\u0142eczn\u0105 odpowiedzialno\u015bci za najbli\u017csze otoczenie. W nowo powstaj\u0105cych inwestycjach d\u0105\u017cymy do zachowania wyj\u0105tkowego charakteru architektury G\u00f3rnego \u015al\u0105ska. <br><\/p>\n","protected":false},"excerpt":{"rendered":"<p>Familok to m\u0142oda, pr\u0119\u017cnie rozwijaj\u0105ca si\u0119 firma, zajmuj\u0105ca si\u0119 handlem nieruchomo\u015bciami oraz projektowaniem wn\u0119trz. Charakteryzuje nas zami\u0142owanie do \u015bl\u0105skiego designu. Chcemy promowa\u0107 dobre praktyki w projektowaniu przestrzeni publicznej, mi\u0119dzy innymi poprzez podnoszenie standardu zaniedbanych budynk\u00f3w w trudnych dzielnicach. Dzi\u0119ki nowoczesnemu designowi i pe\u0142nemu szacunku podej\u015bciu do specyfiki regionu pragniemy stopniowo poprawia\u0107 opini\u0119 o takich miejscach &hellip; <\/p>\n<p class=\"link-more\"><a href=\"https:\/\/familok.pl\/?page_id=16\" class=\"more-link\">Czytaj dalej<span class=\"screen-reader-text\"> O nas<\/span><\/a><\/p>\n","protected":false},"author":1,"featured_media":0,"parent":0,"menu_order":0,"comment_status":"closed","ping_status":"closed","template":"","meta":[],"_links":{"self":[{"href":"https:\/\/familok.pl\/index.php?rest_route=\/wp\/v2\/pages\/16"}],"collection":[{"href":"https:\/\/familok.pl\/index.php?rest_route=\/wp\/v2\/pages"}],"about":[{"href":"https:\/\/familok.pl\/index.php?rest_route=\/wp\/v2\/types\/page"}],"author":[{"embeddable":true,"href":"https:\/\/familok.pl\/index.php?rest_route=\/wp\/v2\/users\/1"}],"replies":[{"embeddable":true,"href":"https:\/\/familok.pl\/index.php?rest_route=%2Fwp%2Fv2%2Fcomments&post=16"}],"version-history":[{"count":8,"href":"https:\/\/familok.pl\/index.php?rest_route=\/wp\/v2\/pages\/16\/revisions"}],"predecessor-version":[{"id":126,"href":"https:\/\/familok.pl\/index.php?rest_route=\/wp\/v2\/pages\/16\/revisions\/126"}],"wp:attachment":[{"href":"https:\/\/familok.pl\/index.php?rest_route=%2Fwp%2Fv2%2Fmedia&parent=16"}],"curies":[{"name":"wp","href":"https:\/\/api.w.org\/{rel}","templated":true}]}}