{"id":14,"date":"2020-02-04T08:33:45","date_gmt":"2020-02-04T08:33:45","guid":{"rendered":"http:\/\/familok.pl\/?page_id=14"},"modified":"2020-04-24T15:34:22","modified_gmt":"2020-04-24T15:34:22","slug":"rental","status":"publish","type":"page","link":"https:\/\/familok.pl\/?page_id=14","title":{"rendered":"Inwestycje"},"content":{"rendered":"\n<figure class=\"wp-block-image size-large is-resized\"><img loading=\"lazy\" src=\"http:\/\/familok.pl\/wp-content\/uploads\/2020\/04\/FAMILOK_LOGO_inwestycje_white_500x500.png\" alt=\"\" class=\"wp-image-104\" width=\"198\" height=\"198\" srcset=\"https:\/\/familok.pl\/wp-content\/uploads\/2020\/04\/FAMILOK_LOGO_inwestycje_white_500x500.png 500w, https:\/\/familok.pl\/wp-content\/uploads\/2020\/04\/FAMILOK_LOGO_inwestycje_white_500x500-300x300.png 300w, https:\/\/familok.pl\/wp-content\/uploads\/2020\/04\/FAMILOK_LOGO_inwestycje_white_500x500-150x150.png 150w, https:\/\/familok.pl\/wp-content\/uploads\/2020\/04\/FAMILOK_LOGO_inwestycje_white_500x500-100x100.png 100w\" sizes=\"(max-width: 198px) 100vw, 198px\" \/><\/figure>\n\n\n\n<p>W firmie dbamy o nasz wsp\u00f3lny projekt od pocz\u0105tku do ko\u0144ca. Zaczynamy od analizy rynku i wyszukania odpowiednich nieruchomo\u015bci. Dokonujemy zakupu w imieniu inwestor\u00f3w, tworzymy projekt wn\u0119trza i nadzorujemy remont. Przygotowujemy mieszkanie do sprzeda\u017cy lub pod wynajem. Zg\u0142o\u015b si\u0119 do nas, nawet je\u015bli straci\u0142e\u015b ju\u017c nadziej\u0119 na znalezienie najemc\u00f3w lub korzystn\u0105 sprzeda\u017c. Wsp\u00f3lnie wydob\u0119dziemy potencja\u0142 ka\u017cdego lokalu. Proponujemy nowoczesne rozwi\u0105zania, kt\u00f3re organicznie wpisuj\u0105 si\u0119 w kontekst lokalny. Zajmujemy si\u0119 r\u00f3wnie\u017c prowadzeniem najmu.<br><\/p>\n","protected":false},"excerpt":{"rendered":"<p>W firmie dbamy o nasz wsp\u00f3lny projekt od pocz\u0105tku do ko\u0144ca. Zaczynamy od analizy rynku i wyszukania odpowiednich nieruchomo\u015bci. Dokonujemy zakupu w imieniu inwestor\u00f3w, tworzymy projekt wn\u0119trza i nadzorujemy remont. Przygotowujemy mieszkanie do sprzeda\u017cy lub pod wynajem. Zg\u0142o\u015b si\u0119 do nas, nawet je\u015bli straci\u0142e\u015b ju\u017c nadziej\u0119 na znalezienie najemc\u00f3w lub korzystn\u0105 sprzeda\u017c. Wsp\u00f3lnie wydob\u0119dziemy potencja\u0142 &hellip; <\/p>\n<p class=\"link-more\"><a href=\"https:\/\/familok.pl\/?page_id=14\" class=\"more-link\">Czytaj dalej<span class=\"screen-reader-text\"> Inwestycje<\/span><\/a><\/p>\n","protected":false},"author":1,"featured_media":0,"parent":0,"menu_order":0,"comment_status":"closed","ping_status":"closed","template":"","meta":[],"_links":{"self":[{"href":"https:\/\/familok.pl\/index.php?rest_route=\/wp\/v2\/pages\/14"}],"collection":[{"href":"https:\/\/familok.pl\/index.php?rest_route=\/wp\/v2\/pages"}],"about":[{"href":"https:\/\/familok.pl\/index.php?rest_route=\/wp\/v2\/types\/page"}],"author":[{"embeddable":true,"href":"https:\/\/familok.pl\/index.php?rest_route=\/wp\/v2\/users\/1"}],"replies":[{"embeddable":true,"href":"https:\/\/familok.pl\/index.php?rest_route=%2Fwp%2Fv2%2Fcomments&post=14"}],"version-history":[{"count":8,"href":"https:\/\/familok.pl\/index.php?rest_route=\/wp\/v2\/pages\/14\/revisions"}],"predecessor-version":[{"id":108,"href":"https:\/\/familok.pl\/index.php?rest_route=\/wp\/v2\/pages\/14\/revisions\/108"}],"wp:attachment":[{"href":"https:\/\/familok.pl\/index.php?rest_route=%2Fwp%2Fv2%2Fmedia&parent=14"}],"curies":[{"name":"wp","href":"https:\/\/api.w.org\/{rel}","templated":true}]}}